{"id":946,"date":"2025-03-17T23:55:07","date_gmt":"2025-03-17T22:55:07","guid":{"rendered":"https:\/\/mozang.fr\/?page_id=946"},"modified":"2025-04-08T16:56:40","modified_gmt":"2025-04-08T14:56:40","slug":"punjabi","status":"publish","type":"page","link":"https:\/\/mozang.fr\/en\/punjabi\/","title":{"rendered":"T-shirts Punjabi &#038; Punjab \u2013 Fiert\u00e9, Culture &#038; Style"},"content":{"rendered":"<p>[et_pb_section fb_built=\u00a0\u00bb1&Prime; admin_label=\u00a0\u00bbILE DE FRANCE FREE DILIVRY\u00a0\u00bb _builder_version=\u00a0\u00bb4.27.4&Prime; _module_preset=\u00a0\u00bbdefault\u00a0\u00bb background_color=\u00a0\u00bb#E02B20&Prime; custom_padding=\u00a0\u00bb0px||0px|||\u00a0\u00bb locked=\u00a0\u00bbon\u00a0\u00bb collapsed=\u00a0\u00bboff\u00a0\u00bb global_colors_info=\u00a0\u00bb{}\u00a0\u00bb][et_pb_row _builder_version=\u00a0\u00bb4.27.4&Prime; _module_preset=\u00a0\u00bbdefault\u00a0\u00bb global_colors_info=\u00a0\u00bb{}\u00a0\u00bb][et_pb_column type=\u00a0\u00bb4_4&Prime; _builder_version=\u00a0\u00bb4.27.4&Prime; _module_preset=\u00a0\u00bbdefault\u00a0\u00bb global_colors_info=\u00a0\u00bb{}\u00a0\u00bb][et_pb_text _builder_version=\u00a0\u00bb4.27.4&Prime; _module_preset=\u00a0\u00bbdefault\u00a0\u00bb text_text_color=\u00a0\u00bb#FFFFFF\u00a0\u00bb global_colors_info=\u00a0\u00bb{}\u00a0\u00bb]<\/p>\n<p style=\"text-align: center;\"><span style=\"font-size: 24pt;\"><strong>\u00cele-de-France\u00a0\u0a21\u0a3f\u0a32\u0a40\u0a35\u0a30\u0a40 FREE<\/strong><\/span><\/p>\n<p>[\/et_pb_text][\/et_pb_column][\/et_pb_row][\/et_pb_section][et_pb_section fb_built=\u00a0\u00bb1&Prime; _builder_version=\u00a0\u00bb4.27.4&Prime; _module_preset=\u00a0\u00bbdefault\u00a0\u00bb background_color=\u00a0\u00bbRGBA(255,255,255,0)\u00a0\u00bb background_image=\u00a0\u00bbhttps:\/\/mozang.fr\/wp-content\/uploads\/2025\/03\/desi-t-shirt-MOZaNG-punjabi-banner1.webp\u00a0\u00bb global_colors_info=\u00a0\u00bb{}\u00a0\u00bb][et_pb_row column_structure=\u00a0\u00bb1_2,1_2&Prime; _builder_version=\u00a0\u00bb4.27.4&Prime; _module_preset=\u00a0\u00bbdefault\u00a0\u00bb background_color=\u00a0\u00bbrgba(255,255,255,0.77)\u00a0\u00bb custom_padding=\u00a0\u00bb20px|25px|20px|25px|true|true\u00a0\u00bb border_radii=\u00a0\u00bbon|20px|20px|20px|20px\u00a0\u00bb global_colors_info=\u00a0\u00bb{}\u00a0\u00bb][et_pb_column type=\u00a0\u00bb1_2&Prime; _builder_version=\u00a0\u00bb4.27.4&Prime; _module_preset=\u00a0\u00bbdefault\u00a0\u00bb global_colors_info=\u00a0\u00bb{}\u00a0\u00bb][et_pb_text _builder_version=\u00a0\u00bb4.27.4&Prime; _module_preset=\u00a0\u00bbdefault\u00a0\u00bb text_text_color=\u00a0\u00bb#000000&Prime; text_font_size=\u00a0\u00bb18px\u00a0\u00bb global_colors_info=\u00a0\u00bb{}\u00a0\u00bb]<\/p>\n<h2><strong data-start=\"768\" data-end=\"816\">Exprime ton amour pour le Punjab avec style.<\/strong><\/h2>\n<p>D\u00e9couvre notre collection exclusive de T-shirts inspir\u00e9s de la culture punjabi : des designs modernes, des clins d&rsquo;\u0153il traditionnels, des phrases en punjabi, et beaucoup de fiert\u00e9 !<\/p>\n<p>[\/et_pb_text][\/et_pb_column][et_pb_column type=\u00a0\u00bb1_2&Prime; _builder_version=\u00a0\u00bb4.27.4&Prime; _module_preset=\u00a0\u00bbdefault\u00a0\u00bb global_colors_info=\u00a0\u00bb{}\u00a0\u00bb][et_pb_text _builder_version=\u00a0\u00bb4.27.4&Prime; _module_preset=\u00a0\u00bbdefault\u00a0\u00bb text_text_color=\u00a0\u00bb#000000&Prime; text_font_size=\u00a0\u00bb20px\u00a0\u00bb global_colors_info=\u00a0\u00bb{}\u00a0\u00bb]<\/p>\n<h2><strong>\u0a2a\u0a70\u0a1c\u0a3e\u0a2c\u0a40 T-Shirt \u0a2b\u0a30\u0a3e\u0a02\u0a38<br \/><\/strong><\/h2>\n<p>\u0a38\u0a3e\u0a21\u0a40 \u0a16\u0a3e\u0a38 Punjabi T-shirt \u0a15\u0a32\u0a48\u0a15\u0a38\u0a3c\u0a28 \u0a35\u0a47\u0a16\u0a4b \u2014 \u0a1c\u0a3f\u0a71\u0a25\u0a47 \u0a30\u0a35\u0a3e\u0a07\u0a24\u0a40 \u0a1a\u0a3f\u0a70\u0a28\u0a4d\u0a39, \u0a2e\u0a4c\u0a21\u0a30\u0a28 \u0a21\u0a3f\u0a1c\u0a3c\u0a3e\u0a08\u0a28, \u0a2a\u0a70\u0a1c\u0a3e\u0a2c\u0a40 \u0a32\u0a3f\u0a16\u0a24\u0a3e\u0a02 \u0a05\u0a24\u0a47 \u0a2a\u0a70\u0a1c\u0a3e\u0a2c\u0a40\u0a05\u0a24 \u0a26\u0a40 \u0a16\u0a41\u0a38\u0a3c\u0a2c\u0a42 \u0a2e\u0a3f\u0a32\u0a26\u0a40 \u0a39\u0a48\u0964<\/p>\n<p>[\/et_pb_text][\/et_pb_column][\/et_pb_row][\/et_pb_section][et_pb_section fb_built=\u00a0\u00bb1&Prime; _builder_version=\u00a0\u00bb4.27.4&Prime; _module_preset=\u00a0\u00bbdefault\u00a0\u00bb custom_padding=\u00a0\u00bb0px|||||\u00a0\u00bb global_colors_info=\u00a0\u00bb{}\u00a0\u00bb][et_pb_row _builder_version=\u00a0\u00bb4.27.4&Prime; _module_preset=\u00a0\u00bbdefault\u00a0\u00bb global_colors_info=\u00a0\u00bb{}\u00a0\u00bb][et_pb_column type=\u00a0\u00bb4_4&Prime; _builder_version=\u00a0\u00bb4.27.4&Prime; _module_preset=\u00a0\u00bbdefault\u00a0\u00bb global_colors_info=\u00a0\u00bb{}\u00a0\u00bb][et_pb_code _builder_version=\u00a0\u00bb4.27.4&Prime; _module_preset=\u00a0\u00bbdefault\u00a0\u00bb global_colors_info=\u00a0\u00bb{}\u00a0\u00bb]<div class=\"woocommerce columns-3\"><ul class=\"products columns-3\">\n<li class=\"product type-product post-1014 status-publish first instock product_cat-t-shirt-punjabi product_cat-t-shirt-homme has-post-thumbnail shipping-taxable purchasable product-type-simple\">\n\t<a href=\"https:\/\/mozang.fr\/en\/product\/t-shirt-punjab-map-carte-du-punjab-avec-texte\/\" class=\"woocommerce-LoopProduct-link woocommerce-loop-product__link\"><span class=\"et_shop_image\"><img loading=\"lazy\" decoding=\"async\" width=\"300\" height=\"300\" src=\"https:\/\/mozang.fr\/wp-content\/uploads\/2025\/04\/pp-5-300x300.webp\" class=\"attachment-woocommerce_thumbnail size-woocommerce_thumbnail\" alt=\"T-shirt noir carte du Punjab avec inscriptions pos\u00e9 au bord d\u2019une piscine\" \/><span class=\"et_overlay\"><\/span><\/span><h2 class=\"woocommerce-loop-product__title\">T-shirt \u00ab Punjab Map \u00bb \u2013 Carte du Punjab avec texte bilingue en Gurmukhi et anglais<\/h2>\n\t<span class=\"price\"><span class=\"woocommerce-Price-amount amount\"><bdi>19,99&nbsp;<span class=\"woocommerce-Price-currencySymbol\">&euro;<\/span><\/bdi><\/span><\/span>\n<\/a><\/li>\n<li class=\"product type-product post-1007 status-publish instock product_cat-t-shirt-punjabi product_cat-t-shirt-homme has-post-thumbnail shipping-taxable purchasable product-type-simple\">\n\t<a href=\"https:\/\/mozang.fr\/en\/product\/t-shirt-gabru-punjabi-jeunesse-saine-et-fierte-punjabi\/\" class=\"woocommerce-LoopProduct-link woocommerce-loop-product__link\"><span class=\"et_shop_image\"><img loading=\"lazy\" decoding=\"async\" width=\"300\" height=\"300\" src=\"https:\/\/mozang.fr\/wp-content\/uploads\/2025\/04\/gabru-2-300x300.webp\" class=\"attachment-woocommerce_thumbnail size-woocommerce_thumbnail\" alt=\"T-shirt noir \u00ab Gabru \u0a2a\u0a70\u0a1c\u0a3e\u0a2c\u0a40 \u00bb suspendu \u00e0 un arbre en pleine nature\" \/><span class=\"et_overlay\"><\/span><\/span><h2 class=\"woocommerce-loop-product__title\">T-shirt \u00ab Gabru \u0a2a\u0a70\u0a1c\u0a3e\u0a2c\u0a40 \u00bb \u2013 Jeunesse saine et fiert\u00e9 Punjabi<\/h2>\n\t<span class=\"price\"><span class=\"woocommerce-Price-amount amount\"><bdi>19,99&nbsp;<span class=\"woocommerce-Price-currencySymbol\">&euro;<\/span><\/bdi><\/span><\/span>\n<\/a><\/li>\n<li class=\"product type-product post-1002 status-publish last instock product_cat-t-shirt-sikhisme product_cat-t-shirt-homme product_cat-t-shirt-punjabi has-post-thumbnail shipping-taxable purchasable product-type-simple\">\n\t<a href=\"https:\/\/mozang.fr\/en\/product\/t-shirt-nirbhau-nirvair-sans-peur-sans-haine\/\" class=\"woocommerce-LoopProduct-link woocommerce-loop-product__link\"><span class=\"et_shop_image\"><img loading=\"lazy\" decoding=\"async\" width=\"300\" height=\"300\" src=\"https:\/\/mozang.fr\/wp-content\/uploads\/2025\/04\/nir-1-300x300.webp\" class=\"attachment-woocommerce_thumbnail size-woocommerce_thumbnail\" alt=\"T-shirt noir suspendu avec l&#039;inscription \u00ab Nirbhau Nirvair \u00bb en calligraphie Gurmukhi\" \/><span class=\"et_overlay\"><\/span><\/span><h2 class=\"woocommerce-loop-product__title\">T-shirt \u00ab Nirbhau Nirvair \u00bb \u2013 Sans peur, sans haine \u2013 Calligraphie Gurmukhi<\/h2>\n\t<span class=\"price\"><span class=\"woocommerce-Price-amount amount\"><bdi>19,99&nbsp;<span class=\"woocommerce-Price-currencySymbol\">&euro;<\/span><\/bdi><\/span><\/span>\n<\/a><\/li>\n<li class=\"product type-product post-886 status-publish first instock product_cat-t-shirt-punjabi product_cat-t-shirt-homme product_tag-french-desi has-post-thumbnail shipping-taxable purchasable product-type-simple\">\n\t<a href=\"https:\/\/mozang.fr\/en\/product\/bonjour-pajji-t-shirt-noir-desi-fusion-punjabi-francais\/\" class=\"woocommerce-LoopProduct-link woocommerce-loop-product__link\"><span class=\"et_shop_image\"><img loading=\"lazy\" decoding=\"async\" width=\"300\" height=\"300\" src=\"https:\/\/mozang.fr\/wp-content\/uploads\/2025\/02\/bonjour-pajji-desi-tshirt-noir-2-e1740509589771-300x300.webp\" class=\"attachment-woocommerce_thumbnail size-woocommerce_thumbnail\" alt=\"Un homme en turban noir portant un T-shirt &quot;Bonjour Pajji&quot;, debout dans une rue commer\u00e7ante.\" \/><span class=\"et_overlay\"><\/span><\/span><h2 class=\"woocommerce-loop-product__title\">Bonjour Pajji | T-shirt Noir Desi | Fusion Punjabi &#038; Fran\u00e7ais<\/h2>\n\t<span class=\"price\"><span class=\"woocommerce-Price-amount amount\"><bdi>23,90&nbsp;<span class=\"woocommerce-Price-currencySymbol\">&euro;<\/span><\/bdi><\/span><\/span>\n<\/a><\/li>\n<\/ul>\n<\/div>[\/et_pb_code][\/et_pb_column][\/et_pb_row][\/et_pb_section][et_pb_section fb_built=\u00a0\u00bb1&Prime; disabled_on=\u00a0\u00bbon|on|on\u00a0\u00bb _builder_version=\u00a0\u00bb4.27.4&Prime; _module_preset=\u00a0\u00bbdefault\u00a0\u00bb background_color=\u00a0\u00bb#fefefe\u00a0\u00bb disabled=\u00a0\u00bbon\u00a0\u00bb global_colors_info=\u00a0\u00bb{}\u00a0\u00bb][et_pb_row column_structure=\u00a0\u00bb1_3,1_3,1_3&Prime; use_custom_gutter=\u00a0\u00bbon\u00a0\u00bb gutter_width=\u00a0\u00bb2&Prime; _builder_version=\u00a0\u00bb4.27.4&Prime; _module_preset=\u00a0\u00bbdefault\u00a0\u00bb width=\u00a0\u00bb96%\u00a0\u00bb global_colors_info=\u00a0\u00bb{}\u00a0\u00bb][et_pb_column type=\u00a0\u00bb1_3&Prime; _builder_version=\u00a0\u00bb4.27.4&Prime; _module_preset=\u00a0\u00bbdefault\u00a0\u00bb global_colors_info=\u00a0\u00bb{}\u00a0\u00bb][et_pb_image src=\u00a0\u00bbhttps:\/\/mozang.fr\/wp-content\/uploads\/2025\/03\/punjab-tshirt-paris-france-mozang-desi-punjabi-category-image.webp\u00a0\u00bb title_text=\u00a0\u00bbpunjab-tshirt-paris-france-mozang-desi-punjabi-category-image\u00a0\u00bb _builder_version=\u00a0\u00bb4.27.4&Prime; _module_preset=\u00a0\u00bbdefault\u00a0\u00bb global_colors_info=\u00a0\u00bb{}\u00a0\u00bb][\/et_pb_image][\/et_pb_column][et_pb_column type=\u00a0\u00bb1_3&Prime; _builder_version=\u00a0\u00bb4.27.4&Prime; _module_preset=\u00a0\u00bbdefault\u00a0\u00bb global_colors_info=\u00a0\u00bb{}\u00a0\u00bb][et_pb_image src=\u00a0\u00bbhttps:\/\/mozang.fr\/wp-content\/uploads\/2025\/03\/punjab-tshirt-paris-france-mozang-desi-punjabi-category-image.webp\u00a0\u00bb title_text=\u00a0\u00bbpunjab-tshirt-paris-france-mozang-desi-punjabi-category-image\u00a0\u00bb _builder_version=\u00a0\u00bb4.27.4&Prime; _module_preset=\u00a0\u00bbdefault\u00a0\u00bb global_colors_info=\u00a0\u00bb{}\u00a0\u00bb][\/et_pb_image][\/et_pb_column][et_pb_column type=\u00a0\u00bb1_3&Prime; _builder_version=\u00a0\u00bb4.27.4&Prime; _module_preset=\u00a0\u00bbdefault\u00a0\u00bb global_colors_info=\u00a0\u00bb{}\u00a0\u00bb][et_pb_image src=\u00a0\u00bbhttps:\/\/mozang.fr\/wp-content\/uploads\/2025\/03\/punjab-tshirt-paris-france-mozang-desi-punjabi-category-image.webp\u00a0\u00bb title_text=\u00a0\u00bbpunjab-tshirt-paris-france-mozang-desi-punjabi-category-image\u00a0\u00bb _builder_version=\u00a0\u00bb4.27.4&Prime; _module_preset=\u00a0\u00bbdefault\u00a0\u00bb global_colors_info=\u00a0\u00bb{}\u00a0\u00bb][\/et_pb_image][\/et_pb_column][\/et_pb_row][\/et_pb_section]<\/p>","protected":false},"excerpt":{"rendered":"<p>\u00cele-de-France\u00a0\u0a21\u0a3f\u0a32\u0a40\u0a35\u0a30\u0a40 FREEExprime ton amour pour le Punjab avec style. D\u00e9couvre notre collection exclusive de T-shirts inspir\u00e9s de la culture punjabi : des designs modernes, des clins d&rsquo;\u0153il traditionnels, des phrases en punjabi, et beaucoup de fiert\u00e9 !\u0a2a\u0a70\u0a1c\u0a3e\u0a2c\u0a40 T-Shirt \u0a2b\u0a30\u0a3e\u0a02\u0a38 \u0a38\u0a3e\u0a21\u0a40 \u0a16\u0a3e\u0a38 Punjabi T-shirt \u0a15\u0a32\u0a48\u0a15\u0a38\u0a3c\u0a28 \u0a35\u0a47\u0a16\u0a4b \u2014 \u0a1c\u0a3f\u0a71\u0a25\u0a47 \u0a30\u0a35\u0a3e\u0a07\u0a24\u0a40 \u0a1a\u0a3f\u0a70\u0a28\u0a4d\u0a39, \u0a2e\u0a4c\u0a21\u0a30\u0a28 \u0a21\u0a3f\u0a1c\u0a3c\u0a3e\u0a08\u0a28, \u0a2a\u0a70\u0a1c\u0a3e\u0a2c\u0a40 \u0a32\u0a3f\u0a16\u0a24\u0a3e\u0a02 \u0a05\u0a24\u0a47 \u0a2a\u0a70\u0a1c\u0a3e\u0a2c\u0a40\u0a05\u0a24 [&hellip;]<\/p>","protected":false},"author":1,"featured_media":0,"parent":0,"menu_order":0,"comment_status":"closed","ping_status":"closed","template":"","meta":{"_et_pb_use_builder":"on","_et_pb_old_content":"","_et_gb_content_width":"","footnotes":""},"class_list":["post-946","page","type-page","status-publish","hentry"],"_links":{"self":[{"href":"https:\/\/mozang.fr\/en\/wp-json\/wp\/v2\/pages\/946","targetHints":{"allow":["GET"]}}],"collection":[{"href":"https:\/\/mozang.fr\/en\/wp-json\/wp\/v2\/pages"}],"about":[{"href":"https:\/\/mozang.fr\/en\/wp-json\/wp\/v2\/types\/page"}],"author":[{"embeddable":true,"href":"https:\/\/mozang.fr\/en\/wp-json\/wp\/v2\/users\/1"}],"replies":[{"embeddable":true,"href":"https:\/\/mozang.fr\/en\/wp-json\/wp\/v2\/comments?post=946"}],"version-history":[{"count":22,"href":"https:\/\/mozang.fr\/en\/wp-json\/wp\/v2\/pages\/946\/revisions"}],"predecessor-version":[{"id":1027,"href":"https:\/\/mozang.fr\/en\/wp-json\/wp\/v2\/pages\/946\/revisions\/1027"}],"wp:attachment":[{"href":"https:\/\/mozang.fr\/en\/wp-json\/wp\/v2\/media?parent=946"}],"curies":[{"name":"wp","href":"https:\/\/api.w.org\/{rel}","templated":true}]}}